{"id":250,"date":"2022-02-11T09:53:24","date_gmt":"2022-02-11T09:53:24","guid":{"rendered":"https:\/\/www.mielcafedesign.com\/bofdesign\/?page_id=250"},"modified":"2025-12-16T18:28:06","modified_gmt":"2025-12-16T17:28:06","slug":"i-nostri-valori","status":"publish","type":"page","link":"https:\/\/bywaysofitaly.com\/it\/i-nostri-valori\/","title":{"rendered":"I nostri valori"},"content":{"rendered":"<section id=\"section-180-250\" class=\" ct-section\" ><div class=\"ct-section-inner-wrap\"><div id=\"div_block-197-250\" class=\"ct-div-block\" ><h1 id=\"headline-182-250\" class=\"ct-headline\">ITALIA, PAESE DALLE INFINITE SCOPERTE<\/h1><div id=\"new_columns-185-250\" class=\"ct-new-columns\" ><div id=\"div_block-186-250\" class=\"ct-div-block\" ><div id=\"_rich_text-188-250\" class=\"oxy-rich-text\" ><p>BYWAYS OF ITALY \u00e8 una giovane <strong>Destination Management Company e tour operator specializzata nel turismo di territorio<\/strong> nata da una forte passione per il Belpaese e dal bisogno di conoscere e sperimentare oltre i classici confini.<\/p><p>BYWAYS OF ITALY con il suo team di avventurosi professionisti, anima e cuore pulsante dell\u2019azienda, propone<strong> itinerari di viaggio personalizzati<\/strong> in Italia <strong>per viaggiatori individuali o piccoli gruppi<\/strong>.<\/p><\/div><\/div><div id=\"div_block-187-250\" class=\"ct-div-block\" ><div id=\"_rich_text-189-250\" class=\"oxy-rich-text\" ><p>Itinerari che valorizzano le tipicit&agrave; culturali, sociali, storiche ed enogastronomiche con particolare interesse verso quel tesoro nascosto di <strong>piccoli borghi<\/strong> e di<strong> localit&agrave; di mare<\/strong> che conservano ancora il sapore intimo di un Paese spontaneo e genuino.<\/p>\n<p><strong>Esperienze autentiche e non convenzionali<\/strong>, studiate nei minimi dettagli, pi&ugrave; vicine alle persone e alla storia dei luoghi.<\/p>\n<p><span style=\"text-decoration: underline;\">La nostra missione<\/span><\/p>\n<p><em>\"Ci impegniamo inoltre a promuovere e diffondere pratiche di viaggio responsabili, con l&rsquo;obiettivo di ridurre al minimo l&rsquo;impatto ambientale e generare benefici concreti a sostegno delle comunit&agrave; locali e del pianeta\".<\/em><\/p><\/div><\/div><\/div><div id=\"div_block-201-250\" class=\"ct-div-block\" ><div id=\"div_block-191-250\" class=\"ct-div-block\" ><div id=\"div_block-192-250\" class=\"ct-div-block portrait\" ><img decoding=\"async\"  id=\"image-193-250\" alt=\"\" src=\"http:\/\/bywaysofitaly.com\/it\/wp-content\/uploads\/sites\/2\/2022\/02\/Byways-Of-Italy-Unconventional-Travelling-Cose-Di-Ieri-Chiesa-Monastero-Cattedrale-Italia-Paese-Delle-Meraviglie.jpg\" class=\"ct-image\"\/><\/div><\/div><\/div><div id=\"div_block-194-250\" class=\"ct-div-block\" ><div id=\"div_block-195-250\" class=\"ct-div-block portrait\" ><img decoding=\"async\"  id=\"image-196-250\" alt=\"\" src=\"http:\/\/bywaysofitaly.com\/it\/wp-content\/uploads\/sites\/2\/2022\/02\/8.jpg\" class=\"ct-image\"\/><\/div><\/div><\/div><\/div><\/section><section id=\"section-31-247\" class=\" ct-section\" ><div class=\"ct-section-inner-wrap\"><div id=\"_rich_text-35-247\" class=\"oxy-rich-text\" ><p>I valori<\/p><\/div><div id=\"new_columns-202-250\" class=\"ct-new-columns\" ><div id=\"div_block-203-250\" class=\"ct-div-block\" ><div id=\"div_block-208-250\" class=\"ct-div-block\" ><\/div><div id=\"_rich_text-217-250\" class=\"oxy-rich-text\" ><p>La<\/p><\/div><h3 id=\"headline-219-250\" class=\"ct-headline\">SEMPLICIT\u00c0<\/h3><div id=\"_rich_text-241-250\" class=\"oxy-rich-text\" ><p>Il piacere nelle piccole cose e nei piccoli gesti quotidiani<\/p><\/div><\/div><div id=\"div_block-207-250\" class=\"ct-div-block\" ><div id=\"div_block-209-250\" class=\"ct-div-block\" ><\/div><div id=\"_rich_text-221-250\" class=\"oxy-rich-text\" ><p>La<\/p><\/div><h3 id=\"headline-229-250\" class=\"ct-headline\">TRADIZIONE<\/h3><div id=\"_rich_text-242-250\" class=\"oxy-rich-text\" ><p>Una ricchezza di \u201csaperi\u201d che si tramandano di generazione in generazione<\/p><\/div><\/div><div id=\"div_block-204-250\" class=\"ct-div-block\" ><div id=\"div_block-211-250\" class=\"ct-div-block\" ><\/div><div id=\"_rich_text-223-250\" class=\"oxy-rich-text\" ><p>La<\/p><\/div><h3 id=\"headline-231-250\" class=\"ct-headline\">GENTILEZZA<\/h3><div id=\"_rich_text-244-250\" class=\"oxy-rich-text\" ><p>In ogni gesto e nelle relazioni con le persone<\/p><\/div><\/div><div id=\"div_block-205-250\" class=\"ct-div-block\" ><div id=\"div_block-213-250\" class=\"ct-div-block\" ><\/div><div id=\"_rich_text-225-250\" class=\"oxy-rich-text\" ><p>La<\/p><\/div><h3 id=\"headline-235-250\" class=\"ct-headline\">CHIAREZZA<\/h3><div id=\"_rich_text-246-250\" class=\"oxy-rich-text\" ><p>nella comunicazione<\/p><\/div><\/div><div id=\"div_block-206-250\" class=\"ct-div-block\" ><div id=\"div_block-215-250\" class=\"ct-div-block\" ><\/div><div id=\"_rich_text-227-250\" class=\"oxy-rich-text\" ><p>La<\/p><\/div><h3 id=\"headline-237-250\" class=\"ct-headline\">SOSTENIBILIT\u00c0<\/h3><div id=\"_rich_text-248-250\" class=\"oxy-rich-text\" ><p>Per viaggiare sempre pi&ugrave; in armonia con l&rsquo;ambiente e le persone. Leggi qui la nostra <a href=\"https:\/\/drive.google.com\/file\/d\/1_Xb2eGIVyzWdMjoDN8VTIUz9CjhwE7Um\/view?usp=sharing\">Politica di Sosteniblit&agrave;<\/a>!<\/p><\/div><\/div><\/div><\/div><\/section><section id=\"section-250-250\" class=\" ct-section\" style=\"background-image:linear-gradient(rgba(0,0,0,0.5), rgba(0,0,0,0.5)), url(http:\/\/bywaysofitaly.com\/it\/wp-content\/uploads\/sites\/2\/2022\/02\/Byways-Of-Italy-Unconventional-Travelling-Cose-Di-Ieri-guida-Turistica-Informazioni-Info-Point.jpg);background-size:auto,  cover;\" ><div class=\"ct-section-inner-wrap\"><div id=\"div_block-251-250\" class=\"ct-div-block\" ><div id=\"_rich_text-252-250\" class=\"oxy-rich-text\" ><p>i servizi<\/p><\/div><div id=\"div_block-254-250\" class=\"ct-div-block\" ><\/div><div id=\"new_columns-257-250\" class=\"ct-new-columns\" ><div id=\"div_block-258-250\" class=\"ct-div-block\" ><div id=\"_rich_text-260-250\" class=\"oxy-rich-text elencosandstone\" ><ul><li>PACCHETTI ALL INCLUSIVE<\/li><li>ALLOGGIO<\/li><li>TRANSFERS DA\/PER AEROPORTI<\/li><li>VISITE GUIDATE<\/li><\/ul><\/div><\/div><div id=\"div_block-259-250\" class=\"ct-div-block\" ><div id=\"_rich_text-261-250\" class=\"oxy-rich-text elencosandstone\" ><ul><li>BIGLIETTI DI INGRESSO<\/li><li>BIGLIETTERIA TRENI\/TRAGHETTI<\/li><li>ITINERARI CON GUIDA AUTONOMA<\/li><\/ul><\/div><\/div><\/div><\/div><\/div><\/section><section id=\"section-118-247\" class=\" ct-section\" ><div class=\"ct-section-inner-wrap\"><div id=\"new_columns-119-247\" class=\"ct-new-columns\" ><div id=\"div_block-120-247\" class=\"ct-div-block\" ><div id=\"div_block-128-247\" class=\"ct-div-block\" ><div id=\"_rich_text-129-247\" class=\"oxy-rich-text\" ><p>Dicono di noi<\/p><\/div><div id=\"div_block-131-247\" class=\"ct-div-block\" ><\/div>\n\t\t<div id=\"-carousel-builder-132-247\" class=\"oxy-carousel-builder slidertestimonials \" ><div class=\"oxy-carousel-builder_inner oxy-inner-content\" data-prev=\".oxy-carousel-builder_prev\" data-next=\".oxy-carousel-builder_next\" data-contain=\"true\" data-percent=\"true\" data-freescroll=\"false\" data-draggable=\"true\" data-wraparound=\"false\" data-carousel=\".oxy-inner-content\" data-cell=\".cell\" data-dragthreshold=\"3\" data-selectedattraction=\"0.025\" data-friction=\"0.28\" data-freescrollfriction=\"0.075\" data-forceheight=\"false\" data-fade=\"false\" data-tickerpause=\"true\" data-groupcells=\"1\" data-autoplay=\"0\" data-pauseautoplay=\"true\" data-hash=\"false\" data-initial=\"1\" data-accessibility=\"true\" data-cellalign=\"center\" data-righttoleft=\"false\" data-images-loaded=\"true\" data-pagedots=\"true\" data-trigger-aos=\"false\" data-clickselect=\"false\" data-parallaxbg=\"false\" data-bgspeed=\"5\" data-tick=\"false\" ><div id=\"div_block-140-247\" class=\"ct-div-block cell\" ><div id=\"_rich_text-141-247\" class=\"oxy-rich-text\" ><p>L\u2019Italia non \u00e8 solo Roma, Firenze e Venezia! Grazie al team di Byways of Italy abbiamo cambiato i nostri piani e prenotato un inaspettato soggiorno rilassante nella Tuscia viterbese. Professionalit\u00e0 ed itinerari insoliti ed originali. Ideale per chi vuole immergersi nella natura e staccare la spina, il tutto a due passi da Roma.<\/p><\/div><div id=\"_rich_text-142-247\" class=\"oxy-rich-text\" ><p>- Alene and Chris, Londra<\/p><\/div><\/div><div id=\"div_block-135-247\" class=\"ct-div-block cell\" ><div id=\"_rich_text-137-247\" class=\"oxy-rich-text\" ><p><span style=\"font-weight: 400;\">Vivo a Milano e mi sono concessa un week end off da tutto e tutti a Procida. Che dire, una piccola grande scoperta. L\u2019affascinante castello di Avalos, la meravigliosa pensione vista mare e le chiacchiere con i procidani, da ripetere almeno una volta l\u2019anno! L'estrema empatia e gentilezza da parte di tutto il team, mi hanno letteralmente conquistata.<\/span><\/p><\/div><div id=\"_rich_text-138-247\" class=\"oxy-rich-text\" ><p>- Laura, Milano<\/p><\/div><\/div><div id=\"div_block-144-247\" class=\"ct-div-block cell\" ><div id=\"_rich_text-145-247\" class=\"oxy-rich-text\" ><p><span style=\"font-weight: 400;\">Quando la qualit\u00e0 e la competenza si vede nelle piccole cose... la cura dei dettagli, la disponibilit\u00e0 e la pazienza nel guidarci verso le attivit\u00e0 piu\u2019 adatte a noi e ai nostri due figli di 16 e 14 anni. Jeremy e Michael si sono innamorati dell\u2019Umbria (soprattutto del cibo!) Da non perdere il pic nic tra i vigneti con vista Assisi, per noi \u00e8 stata una bella occasione per fare una vacanza in famiglia.<\/span><\/p><\/div><div id=\"_rich_text-146-247\" class=\"oxy-rich-text\" ><p>- Sienna e John, Los Angeles<\/p><\/div><\/div><\/div><\/div>\n\n\t\t<div id=\"text_block-147-247\" class=\"ct-text-block\" >\u201c<\/div><\/div><\/div><div id=\"div_block-121-247\" class=\"ct-div-block\" ><div id=\"div_block-122-247\" class=\"ct-div-block\" ><div id=\"div_block-123-247\" class=\"ct-div-block portrait\" ><img decoding=\"async\"  id=\"image-124-247\" alt=\"\" src=\"http:\/\/bywaysofitaly.com\/it\/wp-content\/uploads\/sites\/2\/2016\/09\/4-2.jpg\" class=\"ct-image\"\/><\/div><\/div><div id=\"div_block-125-247\" class=\"ct-div-block\" ><div id=\"div_block-126-247\" class=\"ct-div-block portrait\" ><img decoding=\"async\"  id=\"image-127-247\" alt=\"\" src=\"http:\/\/bywaysofitaly.com\/it\/wp-content\/uploads\/sites\/2\/2022\/02\/Byways-Of-Italy-Unconventional-Travelling-Cose-Di-Ieri-Vista-Panorama-Natura-Campagna-Borgo-Stradina-Case-Chiesa-Alberi-Cielo-Montagne.jpg\" class=\"ct-image\"\/><\/div><\/div><\/div><\/div><\/div><\/section><section id=\"section-263-250\" class=\" ct-section\" ><div class=\"ct-section-inner-wrap\"><div id=\"div_block-264-250\" class=\"ct-div-block\" ><\/div><h1 id=\"headline-265-250\" class=\"ct-headline\">PERCH\u00c8 SCEGLIERE BYWAYS OF ITALY<\/h1><div id=\"_rich_text-267-250\" class=\"oxy-rich-text\" ><p><strong>Persone e territori<\/strong> sono al centro delle nostre ricerche, per questo possiamo contare su una <strong>rete di fornitori empatica<\/strong> ed in costante crescita che vive il luogo quotidianamente<\/p><p><strong>Sappiamo guidarti<\/strong> l\u00ec dove le informazioni sono poche e difficili o il tempo a disposizione non \u00e8 molto.<\/p><p><strong>Non dovrai preoccuparti di scadenze o prenotazioni<\/strong>, pianifichiamo il tuo viaggio, costruito su misura, insieme a te, con cura e attenzione.<\/p><\/div><a id=\"link_button-268-250\" class=\"ct-link-button\" href=\"https:\/\/bywaysofitaly.com\/it\/pianifica\/\" target=\"_self\"  >INIZIA DA QUI<\/a><\/div><\/section>","protected":false},"excerpt":{"rendered":"","protected":false},"author":1,"featured_media":0,"parent":0,"menu_order":0,"comment_status":"closed","ping_status":"closed","template":"","meta":[],"acf":[],"yoast_head":"<!-- This site is optimized with the Yoast SEO plugin v18.2 - https:\/\/yoast.com\/wordpress\/plugins\/seo\/ -->\n<title>I nostri valori &middot; Byways Of Italy<\/title>\n<meta name=\"robots\" content=\"index, follow, max-snippet:-1, max-image-preview:large, max-video-preview:-1\" \/>\n<link rel=\"canonical\" href=\"https:\/\/bywaysofitaly.com\/it\/i-nostri-valori\/\" \/>\n<meta property=\"og:locale\" content=\"it_IT\" \/>\n<meta property=\"og:type\" content=\"article\" \/>\n<meta property=\"og:title\" content=\"I nostri valori &middot; Byways Of Italy\" \/>\n<meta property=\"og:url\" content=\"https:\/\/bywaysofitaly.com\/it\/i-nostri-valori\/\" \/>\n<meta property=\"og:site_name\" content=\"Byways Of Italy\" \/>\n<meta property=\"article:publisher\" content=\"https:\/\/www.facebook.com\/bywaysofitaly\" \/>\n<meta property=\"article:modified_time\" content=\"2025-12-16T17:28:06+00:00\" \/>\n<meta name=\"twitter:card\" content=\"summary_large_image\" \/>\n<script type=\"application\/ld+json\" class=\"yoast-schema-graph\">{\"@context\":\"https:\/\/schema.org\",\"@graph\":[{\"@type\":\"Organization\",\"@id\":\"https:\/\/bywaysofitaly.com\/it\/#organization\",\"name\":\"Byways of Italy\",\"url\":\"https:\/\/bywaysofitaly.com\/it\/\",\"sameAs\":[\"https:\/\/www.facebook.com\/bywaysofitaly\",\"https:\/\/www.instagram.com\/bywaysofitaly\",\"https:\/\/www.linkedin.com\/company\/byways-of-italy\",\"https:\/\/www.pinterest.it\/bywaysofitaly\"],\"logo\":{\"@type\":\"ImageObject\",\"@id\":\"https:\/\/bywaysofitaly.com\/it\/#logo\",\"inLanguage\":\"it-IT\",\"url\":\"https:\/\/bywaysofitaly.com\/it\/wp-content\/uploads\/sites\/2\/2022\/04\/logo.png\",\"contentUrl\":\"https:\/\/bywaysofitaly.com\/it\/wp-content\/uploads\/sites\/2\/2022\/04\/logo.png\",\"width\":942,\"height\":238,\"caption\":\"Byways of Italy\"},\"image\":{\"@id\":\"https:\/\/bywaysofitaly.com\/it\/#logo\"}},{\"@type\":\"WebSite\",\"@id\":\"https:\/\/bywaysofitaly.com\/it\/#website\",\"url\":\"https:\/\/bywaysofitaly.com\/it\/\",\"name\":\"Byways Of Italy\",\"description\":\"Unconventional Travelling\",\"publisher\":{\"@id\":\"https:\/\/bywaysofitaly.com\/it\/#organization\"},\"potentialAction\":[{\"@type\":\"SearchAction\",\"target\":{\"@type\":\"EntryPoint\",\"urlTemplate\":\"https:\/\/bywaysofitaly.com\/it\/?s={search_term_string}\"},\"query-input\":\"required name=search_term_string\"}],\"inLanguage\":\"it-IT\"},{\"@type\":\"WebPage\",\"@id\":\"https:\/\/bywaysofitaly.com\/it\/i-nostri-valori\/#webpage\",\"url\":\"https:\/\/bywaysofitaly.com\/it\/i-nostri-valori\/\",\"name\":\"I nostri valori &middot; Byways Of Italy\",\"isPartOf\":{\"@id\":\"https:\/\/bywaysofitaly.com\/it\/#website\"},\"datePublished\":\"2022-02-11T09:53:24+00:00\",\"dateModified\":\"2025-12-16T17:28:06+00:00\",\"breadcrumb\":{\"@id\":\"https:\/\/bywaysofitaly.com\/it\/i-nostri-valori\/#breadcrumb\"},\"inLanguage\":\"it-IT\",\"potentialAction\":[{\"@type\":\"ReadAction\",\"target\":[\"https:\/\/bywaysofitaly.com\/it\/i-nostri-valori\/\"]}]},{\"@type\":\"BreadcrumbList\",\"@id\":\"https:\/\/bywaysofitaly.com\/it\/i-nostri-valori\/#breadcrumb\",\"itemListElement\":[{\"@type\":\"ListItem\",\"position\":1,\"name\":\"Home\",\"item\":\"https:\/\/bywaysofitaly.com\/it\/\"},{\"@type\":\"ListItem\",\"position\":2,\"name\":\"I nostri valori\"}]}]}<\/script>\n<!-- \/ Yoast SEO plugin. -->","yoast_head_json":{"title":"I nostri valori &middot; Byways Of Italy","robots":{"index":"index","follow":"follow","max-snippet":"max-snippet:-1","max-image-preview":"max-image-preview:large","max-video-preview":"max-video-preview:-1"},"canonical":"https:\/\/bywaysofitaly.com\/it\/i-nostri-valori\/","og_locale":"it_IT","og_type":"article","og_title":"I nostri valori &middot; Byways Of Italy","og_url":"https:\/\/bywaysofitaly.com\/it\/i-nostri-valori\/","og_site_name":"Byways Of Italy","article_publisher":"https:\/\/www.facebook.com\/bywaysofitaly","article_modified_time":"2025-12-16T17:28:06+00:00","twitter_card":"summary_large_image","schema":{"@context":"https:\/\/schema.org","@graph":[{"@type":"Organization","@id":"https:\/\/bywaysofitaly.com\/it\/#organization","name":"Byways of Italy","url":"https:\/\/bywaysofitaly.com\/it\/","sameAs":["https:\/\/www.facebook.com\/bywaysofitaly","https:\/\/www.instagram.com\/bywaysofitaly","https:\/\/www.linkedin.com\/company\/byways-of-italy","https:\/\/www.pinterest.it\/bywaysofitaly"],"logo":{"@type":"ImageObject","@id":"https:\/\/bywaysofitaly.com\/it\/#logo","inLanguage":"it-IT","url":"https:\/\/bywaysofitaly.com\/it\/wp-content\/uploads\/sites\/2\/2022\/04\/logo.png","contentUrl":"https:\/\/bywaysofitaly.com\/it\/wp-content\/uploads\/sites\/2\/2022\/04\/logo.png","width":942,"height":238,"caption":"Byways of Italy"},"image":{"@id":"https:\/\/bywaysofitaly.com\/it\/#logo"}},{"@type":"WebSite","@id":"https:\/\/bywaysofitaly.com\/it\/#website","url":"https:\/\/bywaysofitaly.com\/it\/","name":"Byways Of Italy","description":"Unconventional Travelling","publisher":{"@id":"https:\/\/bywaysofitaly.com\/it\/#organization"},"potentialAction":[{"@type":"SearchAction","target":{"@type":"EntryPoint","urlTemplate":"https:\/\/bywaysofitaly.com\/it\/?s={search_term_string}"},"query-input":"required name=search_term_string"}],"inLanguage":"it-IT"},{"@type":"WebPage","@id":"https:\/\/bywaysofitaly.com\/it\/i-nostri-valori\/#webpage","url":"https:\/\/bywaysofitaly.com\/it\/i-nostri-valori\/","name":"I nostri valori &middot; Byways Of Italy","isPartOf":{"@id":"https:\/\/bywaysofitaly.com\/it\/#website"},"datePublished":"2022-02-11T09:53:24+00:00","dateModified":"2025-12-16T17:28:06+00:00","breadcrumb":{"@id":"https:\/\/bywaysofitaly.com\/it\/i-nostri-valori\/#breadcrumb"},"inLanguage":"it-IT","potentialAction":[{"@type":"ReadAction","target":["https:\/\/bywaysofitaly.com\/it\/i-nostri-valori\/"]}]},{"@type":"BreadcrumbList","@id":"https:\/\/bywaysofitaly.com\/it\/i-nostri-valori\/#breadcrumb","itemListElement":[{"@type":"ListItem","position":1,"name":"Home","item":"https:\/\/bywaysofitaly.com\/it\/"},{"@type":"ListItem","position":2,"name":"I nostri valori"}]}]}},"_links":{"self":[{"href":"https:\/\/bywaysofitaly.com\/it\/wp-json\/wp\/v2\/pages\/250"}],"collection":[{"href":"https:\/\/bywaysofitaly.com\/it\/wp-json\/wp\/v2\/pages"}],"about":[{"href":"https:\/\/bywaysofitaly.com\/it\/wp-json\/wp\/v2\/types\/page"}],"author":[{"embeddable":true,"href":"https:\/\/bywaysofitaly.com\/it\/wp-json\/wp\/v2\/users\/1"}],"replies":[{"embeddable":true,"href":"https:\/\/bywaysofitaly.com\/it\/wp-json\/wp\/v2\/comments?post=250"}],"version-history":[{"count":5,"href":"https:\/\/bywaysofitaly.com\/it\/wp-json\/wp\/v2\/pages\/250\/revisions"}],"predecessor-version":[{"id":564,"href":"https:\/\/bywaysofitaly.com\/it\/wp-json\/wp\/v2\/pages\/250\/revisions\/564"}],"wp:attachment":[{"href":"https:\/\/bywaysofitaly.com\/it\/wp-json\/wp\/v2\/media?parent=250"}],"curies":[{"name":"wp","href":"https:\/\/api.w.org\/{rel}","templated":true}]}}