{"id":375,"date":"2022-02-16T17:53:42","date_gmt":"2022-02-16T16:53:42","guid":{"rendered":"https:\/\/dev.mielcafedesign.com\/bofdesign\/?page_id=313"},"modified":"2022-04-11T11:29:59","modified_gmt":"2022-04-11T09:29:59","slug":"scopri","status":"publish","type":"page","link":"https:\/\/bywaysofitaly.com\/it\/scopri\/","title":{"rendered":"Scopri"},"content":{"rendered":"<section id=\"section-2-247\" class=\" ct-section\" ><div class=\"ct-section-inner-wrap\"><div id=\"div_block-10-247\" class=\"ct-div-block\" ><div id=\"fancy_icon-11-247\" class=\"ct-fancy-icon\" ><svg id=\"svg-fancy_icon-11-247\"><use xlink:href=\"#Lineariconsicon-arrow-down\"><\/use><\/svg><\/div><\/div><div id=\"div_block-22-247\" class=\"ct-div-block\" ><div id=\"text_block-12-247\" class=\"ct-text-block\" >Scopri<\/div><h1 id=\"headline-13-247\" class=\"ct-headline\">SCOPRI LUOGHI UNICI E CURIOSI<\/h1><div id=\"_rich_text-182-252\" class=\"oxy-rich-text\" ><p><span style=\"font-weight: 400;\">Preparate guide locali ti accompagneranno alla scoperta di territori straordinari, conoscerai gli artigiani locali, veri maestri del sapere e potrai visitare minuscoli musei che racchiudono la storia di un paese. Potrai imparare l\u2019arte del mosaico e la lavorazione della ceramica oppure vivere un\u2019esperienza all\u2019aria aperta indimenticabile seguendo percorsi a piedi o in bicicletta.<\/span><\/p><p><span style=\"font-weight: 400;\">Itinerari perfetti per chi vuole esplorare a fondo e sperimentare. <\/span><\/p><\/div><\/div><\/div><\/section><section id=\"section-183-252\" class=\" ct-section\" ><div class=\"ct-section-inner-wrap\">        \n                <div id=\"_posts_grid-184-252\" class='oxy-easy-posts oxy-posts-grid' >\n                    <div class='oxy-posts'>\n                 <a class='oxy-post' href='https:\/\/bywaysofitaly.com\/it\/proposte\/procida-isola-dei-pescatori\/'>\n  <div class='oxy-post-padding'>\n    <div class='oxy-post-image'>\n      <div class='oxy-post-image-fixed-ratio' style='background-image: url(https:\/\/bywaysofitaly.com\/it\/wp-content\/uploads\/sites\/2\/2022\/02\/Byways-Of-Italy-Unconventional-Travelling-Cose-Di-Ieri-Percorsi-Scopri-Procida-Isola.jpg);'>\n      <\/div>            \n\t<\/div>\n  \n    <div class='oxy-post-overlay'>\n      <h2 class='oxy-post-title'>Procida: L'Isola dei pescatori<\/h2>\n\t\t<p class='durata'>DURATA: 5 giorni\/4 notti<\/p>\n\t  <button href='https:\/\/bywaysofitaly.com\/it\/proposte\/procida-isola-dei-pescatori\/' class='bottonepercorsi'>scopri itinerario<\/button>\n\t\n    <\/div>\n\t  \n  <\/div>\n<\/a> <a class='oxy-post' href='https:\/\/bywaysofitaly.com\/it\/proposte\/ciociaria-un-viaggio-tra-acropoli-e-abbazie\/'>\n  <div class='oxy-post-padding'>\n    <div class='oxy-post-image'>\n      <div class='oxy-post-image-fixed-ratio' style='background-image: url(https:\/\/bywaysofitaly.com\/it\/wp-content\/uploads\/sites\/2\/2022\/02\/Byways-Of-Italy-Unconventional-Travelling-Cose-Di-Ieri-Percorsi-Scopri-Ciociaria.jpg);'>\n      <\/div>            \n\t<\/div>\n  \n    <div class='oxy-post-overlay'>\n      <h2 class='oxy-post-title'>Ciociaria: un viaggio tra acropoli e abbazie<\/h2>\n\t\t<p class='durata'>DURATA: 5 giorni\/4 notti<\/p>\n\t  <button href='https:\/\/bywaysofitaly.com\/it\/proposte\/ciociaria-un-viaggio-tra-acropoli-e-abbazie\/' class='bottonepercorsi'>scopri itinerario<\/button>\n\t\n    <\/div>\n\t  \n  <\/div>\n<\/a>            <\/div>\n                        <div class='oxy-easy-posts-pages'>\n                            <\/div>\n                            <\/div>\n                <\/div><\/section><section id=\"section-118-247\" class=\" ct-section\" ><div class=\"ct-section-inner-wrap\"><div id=\"new_columns-119-247\" class=\"ct-new-columns\" ><div id=\"div_block-120-247\" class=\"ct-div-block\" ><div id=\"div_block-128-247\" class=\"ct-div-block\" ><div id=\"_rich_text-129-247\" class=\"oxy-rich-text\" ><p>Dicono di noi<\/p><\/div><div id=\"div_block-131-247\" class=\"ct-div-block\" ><\/div>\n\t\t<div id=\"-carousel-builder-132-247\" class=\"oxy-carousel-builder slidertestimonials \" ><div class=\"oxy-carousel-builder_inner oxy-inner-content\" data-prev=\".oxy-carousel-builder_prev\" data-next=\".oxy-carousel-builder_next\" data-contain=\"true\" data-percent=\"true\" data-freescroll=\"false\" data-draggable=\"true\" data-wraparound=\"false\" data-carousel=\".oxy-inner-content\" data-cell=\".cell\" data-dragthreshold=\"3\" data-selectedattraction=\"0.025\" data-friction=\"0.28\" data-freescrollfriction=\"0.075\" data-forceheight=\"false\" data-fade=\"false\" data-tickerpause=\"true\" data-groupcells=\"1\" data-autoplay=\"0\" data-pauseautoplay=\"true\" data-hash=\"false\" data-initial=\"1\" data-accessibility=\"true\" data-cellalign=\"center\" data-righttoleft=\"false\" data-images-loaded=\"true\" data-pagedots=\"true\" data-trigger-aos=\"false\" data-clickselect=\"false\" data-parallaxbg=\"false\" data-bgspeed=\"5\" data-tick=\"false\" ><div id=\"div_block-140-247\" class=\"ct-div-block cell\" ><div id=\"_rich_text-141-247\" class=\"oxy-rich-text\" ><p>L\u2019Italia non \u00e8 solo Roma, Firenze e Venezia! Grazie al team di Byways of Italy abbiamo cambiato i nostri piani e prenotato un inaspettato soggiorno rilassante nella Tuscia viterbese. Professionalit\u00e0 ed itinerari insoliti ed originali. Ideale per chi vuole immergersi nella natura e staccare la spina, il tutto a due passi da Roma.<\/p><\/div><div id=\"_rich_text-142-247\" class=\"oxy-rich-text\" ><p>- Alene and Chris, Londra<\/p><\/div><\/div><div id=\"div_block-135-247\" class=\"ct-div-block cell\" ><div id=\"_rich_text-137-247\" class=\"oxy-rich-text\" ><p><span style=\"font-weight: 400;\">Vivo a Milano e mi sono concessa un week end off da tutto e tutti a Procida. Che dire, una piccola grande scoperta. L\u2019affascinante castello di Avalos, la meravigliosa pensione vista mare e le chiacchiere con i procidani, da ripetere almeno una volta l\u2019anno! L'estrema empatia e gentilezza da parte di tutto il team, mi hanno letteralmente conquistata.<\/span><\/p><\/div><div id=\"_rich_text-138-247\" class=\"oxy-rich-text\" ><p>- Laura, Milano<\/p><\/div><\/div><div id=\"div_block-144-247\" class=\"ct-div-block cell\" ><div id=\"_rich_text-145-247\" class=\"oxy-rich-text\" ><p><span style=\"font-weight: 400;\">Quando la qualit\u00e0 e la competenza si vede nelle piccole cose... la cura dei dettagli, la disponibilit\u00e0 e la pazienza nel guidarci verso le attivit\u00e0 piu\u2019 adatte a noi e ai nostri due figli di 16 e 14 anni. Jeremy e Michael si sono innamorati dell\u2019Umbria (soprattutto del cibo!) Da non perdere il pic nic tra i vigneti con vista Assisi, per noi \u00e8 stata una bella occasione per fare una vacanza in famiglia.<\/span><\/p><\/div><div id=\"_rich_text-146-247\" class=\"oxy-rich-text\" ><p>- Sienna e John, Los Angeles<\/p><\/div><\/div><\/div><\/div>\n\n\t\t<div id=\"text_block-147-247\" class=\"ct-text-block\" >\u201c<\/div><\/div><\/div><div id=\"div_block-121-247\" class=\"ct-div-block\" ><div id=\"div_block-122-247\" class=\"ct-div-block\" ><div id=\"div_block-123-247\" class=\"ct-div-block portrait\" ><img decoding=\"async\"  id=\"image-124-247\" alt=\"\" src=\"http:\/\/bywaysofitaly.com\/it\/wp-content\/uploads\/sites\/2\/2016\/09\/4-2.jpg\" class=\"ct-image\"\/><\/div><\/div><div id=\"div_block-125-247\" class=\"ct-div-block\" ><div id=\"div_block-126-247\" class=\"ct-div-block portrait\" ><img decoding=\"async\"  id=\"image-127-247\" alt=\"\" src=\"http:\/\/bywaysofitaly.com\/it\/wp-content\/uploads\/sites\/2\/2022\/02\/Byways-Of-Italy-Unconventional-Travelling-Cose-Di-Ieri-Vista-Panorama-Natura-Campagna-Borgo-Stradina-Case-Chiesa-Alberi-Cielo-Montagne.jpg\" class=\"ct-image\"\/><\/div><\/div><\/div><\/div><\/div><\/section>","protected":false},"excerpt":{"rendered":"","protected":false},"author":1,"featured_media":0,"parent":0,"menu_order":0,"comment_status":"closed","ping_status":"closed","template":"","meta":[],"acf":[],"yoast_head":"<!-- This site is optimized with the Yoast SEO plugin v18.2 - https:\/\/yoast.com\/wordpress\/plugins\/seo\/ -->\n<title>Scopri &middot; Byways Of Italy<\/title>\n<meta name=\"robots\" content=\"index, follow, max-snippet:-1, max-image-preview:large, max-video-preview:-1\" \/>\n<link rel=\"canonical\" href=\"https:\/\/bywaysofitaly.com\/it\/scopri\/\" \/>\n<meta property=\"og:locale\" content=\"it_IT\" \/>\n<meta property=\"og:type\" content=\"article\" \/>\n<meta property=\"og:title\" content=\"Scopri &middot; Byways Of Italy\" \/>\n<meta property=\"og:url\" content=\"https:\/\/bywaysofitaly.com\/it\/scopri\/\" \/>\n<meta property=\"og:site_name\" content=\"Byways Of Italy\" \/>\n<meta property=\"article:publisher\" content=\"https:\/\/www.facebook.com\/bywaysofitaly\" \/>\n<meta property=\"article:modified_time\" content=\"2022-04-11T09:29:59+00:00\" \/>\n<meta name=\"twitter:card\" content=\"summary_large_image\" \/>\n<script type=\"application\/ld+json\" class=\"yoast-schema-graph\">{\"@context\":\"https:\/\/schema.org\",\"@graph\":[{\"@type\":\"Organization\",\"@id\":\"https:\/\/bywaysofitaly.com\/it\/#organization\",\"name\":\"Byways of Italy\",\"url\":\"https:\/\/bywaysofitaly.com\/it\/\",\"sameAs\":[\"https:\/\/www.facebook.com\/bywaysofitaly\",\"https:\/\/www.instagram.com\/bywaysofitaly\",\"https:\/\/www.linkedin.com\/company\/byways-of-italy\",\"https:\/\/www.pinterest.it\/bywaysofitaly\"],\"logo\":{\"@type\":\"ImageObject\",\"@id\":\"https:\/\/bywaysofitaly.com\/it\/#logo\",\"inLanguage\":\"it-IT\",\"url\":\"https:\/\/bywaysofitaly.com\/it\/wp-content\/uploads\/sites\/2\/2022\/04\/logo.png\",\"contentUrl\":\"https:\/\/bywaysofitaly.com\/it\/wp-content\/uploads\/sites\/2\/2022\/04\/logo.png\",\"width\":942,\"height\":238,\"caption\":\"Byways of Italy\"},\"image\":{\"@id\":\"https:\/\/bywaysofitaly.com\/it\/#logo\"}},{\"@type\":\"WebSite\",\"@id\":\"https:\/\/bywaysofitaly.com\/it\/#website\",\"url\":\"https:\/\/bywaysofitaly.com\/it\/\",\"name\":\"Byways Of Italy\",\"description\":\"Unconventional Travelling\",\"publisher\":{\"@id\":\"https:\/\/bywaysofitaly.com\/it\/#organization\"},\"potentialAction\":[{\"@type\":\"SearchAction\",\"target\":{\"@type\":\"EntryPoint\",\"urlTemplate\":\"https:\/\/bywaysofitaly.com\/it\/?s={search_term_string}\"},\"query-input\":\"required name=search_term_string\"}],\"inLanguage\":\"it-IT\"},{\"@type\":\"WebPage\",\"@id\":\"https:\/\/bywaysofitaly.com\/it\/scopri\/#webpage\",\"url\":\"https:\/\/bywaysofitaly.com\/it\/scopri\/\",\"name\":\"Scopri &middot; Byways Of Italy\",\"isPartOf\":{\"@id\":\"https:\/\/bywaysofitaly.com\/it\/#website\"},\"datePublished\":\"2022-02-16T16:53:42+00:00\",\"dateModified\":\"2022-04-11T09:29:59+00:00\",\"breadcrumb\":{\"@id\":\"https:\/\/bywaysofitaly.com\/it\/scopri\/#breadcrumb\"},\"inLanguage\":\"it-IT\",\"potentialAction\":[{\"@type\":\"ReadAction\",\"target\":[\"https:\/\/bywaysofitaly.com\/it\/scopri\/\"]}]},{\"@type\":\"BreadcrumbList\",\"@id\":\"https:\/\/bywaysofitaly.com\/it\/scopri\/#breadcrumb\",\"itemListElement\":[{\"@type\":\"ListItem\",\"position\":1,\"name\":\"Home\",\"item\":\"https:\/\/bywaysofitaly.com\/it\/\"},{\"@type\":\"ListItem\",\"position\":2,\"name\":\"Scopri\"}]}]}<\/script>\n<!-- \/ Yoast SEO plugin. -->","yoast_head_json":{"title":"Scopri &middot; Byways Of Italy","robots":{"index":"index","follow":"follow","max-snippet":"max-snippet:-1","max-image-preview":"max-image-preview:large","max-video-preview":"max-video-preview:-1"},"canonical":"https:\/\/bywaysofitaly.com\/it\/scopri\/","og_locale":"it_IT","og_type":"article","og_title":"Scopri &middot; Byways Of Italy","og_url":"https:\/\/bywaysofitaly.com\/it\/scopri\/","og_site_name":"Byways Of Italy","article_publisher":"https:\/\/www.facebook.com\/bywaysofitaly","article_modified_time":"2022-04-11T09:29:59+00:00","twitter_card":"summary_large_image","schema":{"@context":"https:\/\/schema.org","@graph":[{"@type":"Organization","@id":"https:\/\/bywaysofitaly.com\/it\/#organization","name":"Byways of Italy","url":"https:\/\/bywaysofitaly.com\/it\/","sameAs":["https:\/\/www.facebook.com\/bywaysofitaly","https:\/\/www.instagram.com\/bywaysofitaly","https:\/\/www.linkedin.com\/company\/byways-of-italy","https:\/\/www.pinterest.it\/bywaysofitaly"],"logo":{"@type":"ImageObject","@id":"https:\/\/bywaysofitaly.com\/it\/#logo","inLanguage":"it-IT","url":"https:\/\/bywaysofitaly.com\/it\/wp-content\/uploads\/sites\/2\/2022\/04\/logo.png","contentUrl":"https:\/\/bywaysofitaly.com\/it\/wp-content\/uploads\/sites\/2\/2022\/04\/logo.png","width":942,"height":238,"caption":"Byways of Italy"},"image":{"@id":"https:\/\/bywaysofitaly.com\/it\/#logo"}},{"@type":"WebSite","@id":"https:\/\/bywaysofitaly.com\/it\/#website","url":"https:\/\/bywaysofitaly.com\/it\/","name":"Byways Of Italy","description":"Unconventional Travelling","publisher":{"@id":"https:\/\/bywaysofitaly.com\/it\/#organization"},"potentialAction":[{"@type":"SearchAction","target":{"@type":"EntryPoint","urlTemplate":"https:\/\/bywaysofitaly.com\/it\/?s={search_term_string}"},"query-input":"required name=search_term_string"}],"inLanguage":"it-IT"},{"@type":"WebPage","@id":"https:\/\/bywaysofitaly.com\/it\/scopri\/#webpage","url":"https:\/\/bywaysofitaly.com\/it\/scopri\/","name":"Scopri &middot; Byways Of Italy","isPartOf":{"@id":"https:\/\/bywaysofitaly.com\/it\/#website"},"datePublished":"2022-02-16T16:53:42+00:00","dateModified":"2022-04-11T09:29:59+00:00","breadcrumb":{"@id":"https:\/\/bywaysofitaly.com\/it\/scopri\/#breadcrumb"},"inLanguage":"it-IT","potentialAction":[{"@type":"ReadAction","target":["https:\/\/bywaysofitaly.com\/it\/scopri\/"]}]},{"@type":"BreadcrumbList","@id":"https:\/\/bywaysofitaly.com\/it\/scopri\/#breadcrumb","itemListElement":[{"@type":"ListItem","position":1,"name":"Home","item":"https:\/\/bywaysofitaly.com\/it\/"},{"@type":"ListItem","position":2,"name":"Scopri"}]}]}},"_links":{"self":[{"href":"https:\/\/bywaysofitaly.com\/it\/wp-json\/wp\/v2\/pages\/375"}],"collection":[{"href":"https:\/\/bywaysofitaly.com\/it\/wp-json\/wp\/v2\/pages"}],"about":[{"href":"https:\/\/bywaysofitaly.com\/it\/wp-json\/wp\/v2\/types\/page"}],"author":[{"embeddable":true,"href":"https:\/\/bywaysofitaly.com\/it\/wp-json\/wp\/v2\/users\/1"}],"replies":[{"embeddable":true,"href":"https:\/\/bywaysofitaly.com\/it\/wp-json\/wp\/v2\/comments?post=375"}],"version-history":[{"count":2,"href":"https:\/\/bywaysofitaly.com\/it\/wp-json\/wp\/v2\/pages\/375\/revisions"}],"predecessor-version":[{"id":405,"href":"https:\/\/bywaysofitaly.com\/it\/wp-json\/wp\/v2\/pages\/375\/revisions\/405"}],"wp:attachment":[{"href":"https:\/\/bywaysofitaly.com\/it\/wp-json\/wp\/v2\/media?parent=375"}],"curies":[{"name":"wp","href":"https:\/\/api.w.org\/{rel}","templated":true}]}}